{"id":1625,"date":"2021-01-12T10:10:57","date_gmt":"2021-01-12T09:10:57","guid":{"rendered":"http:\/\/www.dorfblick.bz.it\/impressum\/"},"modified":"2024-09-23T17:08:28","modified_gmt":"2024-09-23T15:08:28","slug":"impressum","status":"publish","type":"page","link":"https:\/\/www.dorfblick.bz.it\/it\/impressum\/","title":{"rendered":"Impressum"},"content":{"rendered":"\t\t<div data-elementor-type=\"wp-post\" data-elementor-id=\"1625\" class=\"elementor elementor-1625 elementor-1592\">\n\t\t\t\t\t\t<section class=\"elementor-section elementor-top-section elementor-element elementor-element-9ad2c77 elementor-section-boxed elementor-section-height-default elementor-section-height-default\" data-id=\"9ad2c77\" data-element_type=\"section\" data-e-type=\"section\" id=\"kontakt\" data-settings=\"{&quot;jet_parallax_layout_list&quot;:[{&quot;jet_parallax_layout_image&quot;:{&quot;url&quot;:&quot;&quot;,&quot;id&quot;:&quot;&quot;,&quot;size&quot;:&quot;&quot;},&quot;_id&quot;:&quot;9c110f6&quot;,&quot;jet_parallax_layout_speed&quot;:{&quot;unit&quot;:&quot;%&quot;,&quot;size&quot;:50,&quot;sizes&quot;:[]},&quot;jet_parallax_layout_image_tablet&quot;:{&quot;url&quot;:&quot;&quot;,&quot;id&quot;:&quot;&quot;,&quot;size&quot;:&quot;&quot;},&quot;jet_parallax_layout_image_mobile&quot;:{&quot;url&quot;:&quot;&quot;,&quot;id&quot;:&quot;&quot;,&quot;size&quot;:&quot;&quot;},&quot;jet_parallax_layout_type&quot;:&quot;scroll&quot;,&quot;jet_parallax_layout_direction&quot;:&quot;1&quot;,&quot;jet_parallax_layout_fx_direction&quot;:null,&quot;jet_parallax_layout_z_index&quot;:&quot;&quot;,&quot;jet_parallax_layout_bg_x&quot;:50,&quot;jet_parallax_layout_bg_x_tablet&quot;:&quot;&quot;,&quot;jet_parallax_layout_bg_x_mobile&quot;:&quot;&quot;,&quot;jet_parallax_layout_bg_y&quot;:50,&quot;jet_parallax_layout_bg_y_tablet&quot;:&quot;&quot;,&quot;jet_parallax_layout_bg_y_mobile&quot;:&quot;&quot;,&quot;jet_parallax_layout_bg_size&quot;:&quot;auto&quot;,&quot;jet_parallax_layout_bg_size_tablet&quot;:&quot;&quot;,&quot;jet_parallax_layout_bg_size_mobile&quot;:&quot;&quot;,&quot;jet_parallax_layout_animation_prop&quot;:&quot;transform&quot;,&quot;jet_parallax_layout_on&quot;:[&quot;desktop&quot;,&quot;tablet&quot;]}],&quot;background_background&quot;:&quot;classic&quot;}\">\n\t\t\t\t\t\t<div class=\"elementor-container elementor-column-gap-no\">\n\t\t\t\t\t<div class=\"elementor-column elementor-col-100 elementor-top-column elementor-element elementor-element-5b81073\" data-id=\"5b81073\" data-element_type=\"column\" data-e-type=\"column\">\n\t\t\t<div class=\"elementor-widget-wrap elementor-element-populated\">\n\t\t\t\t\t\t<div class=\"elementor-element elementor-element-16199fc7 elementor-widget elementor-widget-heading\" data-id=\"16199fc7\" data-element_type=\"widget\" data-e-type=\"widget\" data-widget_type=\"heading.default\">\n\t\t\t\t<div class=\"elementor-widget-container\">\n\t\t\t\t\t<h2 class=\"elementor-heading-title elementor-size-default\">Impressum<\/h2>\t\t\t\t<\/div>\n\t\t\t\t<\/div>\n\t\t\t\t<section class=\"elementor-section elementor-inner-section elementor-element elementor-element-33f4df8 elementor-section-boxed elementor-section-height-default elementor-section-height-default\" data-id=\"33f4df8\" data-element_type=\"section\" data-e-type=\"section\" data-settings=\"{&quot;jet_parallax_layout_list&quot;:[{&quot;jet_parallax_layout_image&quot;:{&quot;url&quot;:&quot;&quot;,&quot;id&quot;:&quot;&quot;,&quot;size&quot;:&quot;&quot;},&quot;_id&quot;:&quot;b63eed1&quot;,&quot;jet_parallax_layout_speed&quot;:{&quot;unit&quot;:&quot;%&quot;,&quot;size&quot;:50,&quot;sizes&quot;:[]},&quot;jet_parallax_layout_image_tablet&quot;:{&quot;url&quot;:&quot;&quot;,&quot;id&quot;:&quot;&quot;,&quot;size&quot;:&quot;&quot;},&quot;jet_parallax_layout_image_mobile&quot;:{&quot;url&quot;:&quot;&quot;,&quot;id&quot;:&quot;&quot;,&quot;size&quot;:&quot;&quot;},&quot;jet_parallax_layout_type&quot;:&quot;scroll&quot;,&quot;jet_parallax_layout_direction&quot;:&quot;1&quot;,&quot;jet_parallax_layout_fx_direction&quot;:null,&quot;jet_parallax_layout_z_index&quot;:&quot;&quot;,&quot;jet_parallax_layout_bg_x&quot;:50,&quot;jet_parallax_layout_bg_x_tablet&quot;:&quot;&quot;,&quot;jet_parallax_layout_bg_x_mobile&quot;:&quot;&quot;,&quot;jet_parallax_layout_bg_y&quot;:50,&quot;jet_parallax_layout_bg_y_tablet&quot;:&quot;&quot;,&quot;jet_parallax_layout_bg_y_mobile&quot;:&quot;&quot;,&quot;jet_parallax_layout_bg_size&quot;:&quot;auto&quot;,&quot;jet_parallax_layout_bg_size_tablet&quot;:&quot;&quot;,&quot;jet_parallax_layout_bg_size_mobile&quot;:&quot;&quot;,&quot;jet_parallax_layout_animation_prop&quot;:&quot;transform&quot;,&quot;jet_parallax_layout_on&quot;:[&quot;desktop&quot;,&quot;tablet&quot;]}]}\">\n\t\t\t\t\t\t<div class=\"elementor-container elementor-column-gap-default\">\n\t\t\t\t\t<div class=\"elementor-column elementor-col-50 elementor-inner-column elementor-element elementor-element-7ed363e\" data-id=\"7ed363e\" data-element_type=\"column\" data-e-type=\"column\">\n\t\t\t<div class=\"elementor-widget-wrap elementor-element-populated\">\n\t\t\t\t\t\t<div class=\"elementor-element elementor-element-6a36a45 elementor-widget elementor-widget-text-editor\" data-id=\"6a36a45\" data-element_type=\"widget\" data-e-type=\"widget\" data-widget_type=\"text-editor.default\">\n\t\t\t\t<div class=\"elementor-widget-container\">\n\t\t\t\t\t\t\t\t\t<p><strong>Proprietario e responsabile per il contenuto:<br \/><\/strong>Dorfblick Appartements &amp; Rooms<br \/>Thomas Rainer<br \/>Madonna di Senales\/Vernago 82<br \/>I-39020 Senales<br \/>Tel: +39 348 2836216<br \/><a href=\"mailto:info@dorfblick.bz.it\">info@dorfblick.bz.it<\/a><br \/><a href=\"http:\/\/www.dorfblick.bz.it\/it\/\">www.dorfblick.bz.it<\/a><\/p><p>Part.IVA: 03081830212<br \/>Cod.fis.: RNRTMS80L26F132H<br \/>Pec:\u00a0<a style=\"background-color: #ffffff;\" href=\"mailto:thomas.rainer@pec.it\">thomas.rainer@pec.it<\/a><br \/>Codice destinatario: USAL8PV<\/p><p>CIN: IT021091B4FTKP9D4Q<\/p><p><strong>Materiale fotografico:<\/strong><br \/>Dorfblick<\/p><p><strong>Avviso di responsabilit\u00e0:<\/strong><br \/>I marchi e le societ\u00e0 citate su questo sito sono di propriet\u00e0 del apposito titolare.<br \/>Nonostante l\u2019attento controllo dei contenuti, non assumiamo nessuna responsabilit\u00e0 per i contenuti relativi a link esterni. Sono responsabili per il contenuto delle pagine collegate esclusivamente i gestori delle pagine stesse.<\/p>\t\t\t\t\t\t\t\t<\/div>\n\t\t\t\t<\/div>\n\t\t\t\t\t<\/div>\n\t\t<\/div>\n\t\t\t\t<div class=\"elementor-column elementor-col-50 elementor-inner-column elementor-element elementor-element-b69bd00\" data-id=\"b69bd00\" data-element_type=\"column\" data-e-type=\"column\">\n\t\t\t<div class=\"elementor-widget-wrap elementor-element-populated\">\n\t\t\t\t\t\t<div class=\"elementor-element elementor-element-6083019 elementor-widget elementor-widget-text-editor\" data-id=\"6083019\" data-element_type=\"widget\" data-e-type=\"widget\" data-widget_type=\"text-editor.default\">\n\t\t\t\t<div class=\"elementor-widget-container\">\n\t\t\t\t\t\t\t\t\t<p><strong>Realizzazione, Concetto &amp; Design:<br><\/strong>Fuchsdesign<br>Via Dolomiti 25a, 39034 Dobbiaco<br>Alto Adige \u2013 Italia<br>Tel +39 0474 979 048<br><a href=\"mailto:info@fuchsdesign.it\">info@fuchsdesign.it<\/a><br><a class=\"external-link-new-window\" title=\"Opens external link in new window\" href=\"http:\/\/www.fuchsdesign.it\" target=\"_blank\" rel=\"noopener noreferrer\">www.fuchsdesign.it<\/a><\/p>\n<p><strong>Informazione obbligatoria ai sensi del Regolamento UE n. 524\/2016 del Parlamento europeo e del Consiglio<\/strong><br>Piattaforma per la risoluzione delle controversie online dei consumatori (ODR) della Commissione europea: <a href=\"https:\/\/ec.europa.eu\/consumers\/odr\/\" target=\"_blank\" rel=\"noopener noreferrer\">https:\/\/ec.europa.eu\/consumers\/odr\/<\/a><\/p>\t\t\t\t\t\t\t\t<\/div>\n\t\t\t\t<\/div>\n\t\t\t\t\t<\/div>\n\t\t<\/div>\n\t\t\t\t\t<\/div>\n\t\t<\/section>\n\t\t\t\t\t<\/div>\n\t\t<\/div>\n\t\t\t\t\t<\/div>\n\t\t<\/section>\n\t\t\t\t<\/div>\n\t\t","protected":false},"excerpt":{"rendered":"<p>Impressum Proprietario e responsabile per il contenuto:Dorfblick Appartements &amp; RoomsThomas RainerMadonna di Senales\/Vernago 82I-39020 SenalesTel: +39 348 2836216info@dorfblick.bz.itwww.dorfblick.bz.it Part.IVA: 03081830212Cod.fis.: RNRTMS80L26F132HPec:\u00a0thomas.rainer@pec.itCodice destinatario: USAL8PV CIN: IT021091B4FTKP9D4Q Materiale fotografico:Dorfblick Avviso di responsabilit\u00e0:I marchi e le societ\u00e0 citate su questo sito sono di propriet\u00e0 del apposito titolare.Nonostante l\u2019attento controllo dei contenuti, non assumiamo nessuna responsabilit\u00e0 per i contenuti [&hellip;]<\/p>\n","protected":false},"author":1,"featured_media":0,"parent":0,"menu_order":0,"comment_status":"closed","ping_status":"closed","template":"full-width.php","meta":{"_acf_changed":false,"footnotes":""},"class_list":["post-1625","page","type-page","status-publish","hentry"],"acf":[],"yoast_head":"<!-- This site is optimized with the Yoast SEO plugin v26.9 - https:\/\/yoast.com\/product\/yoast-seo-wordpress\/ -->\n<title>Impressum - Dorfblick Appartamenti &amp; Camere<\/title>\n<meta name=\"robots\" content=\"index, follow, max-snippet:-1, max-image-preview:large, max-video-preview:-1\" \/>\n<link rel=\"canonical\" href=\"https:\/\/www.dorfblick.bz.it\/it\/impressum\/\" \/>\n<meta property=\"og:locale\" content=\"it_IT\" \/>\n<meta property=\"og:type\" content=\"article\" \/>\n<meta property=\"og:title\" content=\"Impressum - Dorfblick Appartamenti &amp; Camere\" \/>\n<meta property=\"og:description\" content=\"Impressum Proprietario e responsabile per il contenuto:Dorfblick Appartements &amp; RoomsThomas RainerMadonna di Senales\/Vernago 82I-39020 SenalesTel: +39 348 2836216info@dorfblick.bz.itwww.dorfblick.bz.it Part.IVA: 03081830212Cod.fis.: RNRTMS80L26F132HPec:\u00a0thomas.rainer@pec.itCodice destinatario: USAL8PV CIN: IT021091B4FTKP9D4Q Materiale fotografico:Dorfblick Avviso di responsabilit\u00e0:I marchi e le societ\u00e0 citate su questo sito sono di propriet\u00e0 del apposito titolare.Nonostante l\u2019attento controllo dei contenuti, non assumiamo nessuna responsabilit\u00e0 per i contenuti [&hellip;]\" \/>\n<meta property=\"og:url\" content=\"https:\/\/www.dorfblick.bz.it\/it\/impressum\/\" \/>\n<meta property=\"og:site_name\" content=\"Dorfblick Appartamenti &amp; Camere\" \/>\n<meta property=\"article:publisher\" content=\"https:\/\/www.facebook.com\/dorfblickappartementsrooms\" \/>\n<meta property=\"article:modified_time\" content=\"2024-09-23T15:08:28+00:00\" \/>\n<meta name=\"twitter:card\" content=\"summary_large_image\" \/>\n<meta name=\"twitter:label1\" content=\"Tempo di lettura stimato\" \/>\n\t<meta name=\"twitter:data1\" content=\"1 minuto\" \/>\n<script type=\"application\/ld+json\" class=\"yoast-schema-graph\">{\"@context\":\"https:\/\/schema.org\",\"@graph\":[{\"@type\":\"WebPage\",\"@id\":\"https:\/\/www.dorfblick.bz.it\/it\/impressum\/\",\"url\":\"https:\/\/www.dorfblick.bz.it\/it\/impressum\/\",\"name\":\"Impressum - Dorfblick Appartamenti &amp; Camere\",\"isPartOf\":{\"@id\":\"https:\/\/www.dorfblick.bz.it\/#website\"},\"datePublished\":\"2021-01-12T09:10:57+00:00\",\"dateModified\":\"2024-09-23T15:08:28+00:00\",\"breadcrumb\":{\"@id\":\"https:\/\/www.dorfblick.bz.it\/it\/impressum\/#breadcrumb\"},\"inLanguage\":\"it-IT\",\"potentialAction\":[{\"@type\":\"ReadAction\",\"target\":[\"https:\/\/www.dorfblick.bz.it\/it\/impressum\/\"]}]},{\"@type\":\"BreadcrumbList\",\"@id\":\"https:\/\/www.dorfblick.bz.it\/it\/impressum\/#breadcrumb\",\"itemListElement\":[{\"@type\":\"ListItem\",\"position\":1,\"name\":\"Startseite\",\"item\":\"https:\/\/www.dorfblick.bz.it\/it\/\"},{\"@type\":\"ListItem\",\"position\":2,\"name\":\"Impressum\"}]},{\"@type\":\"WebSite\",\"@id\":\"https:\/\/www.dorfblick.bz.it\/#website\",\"url\":\"https:\/\/www.dorfblick.bz.it\/\",\"name\":\"Dorfblick Appartements & Rooms\",\"description\":\"Appartamenti Val Senales\",\"publisher\":{\"@id\":\"https:\/\/www.dorfblick.bz.it\/#organization\"},\"potentialAction\":[{\"@type\":\"SearchAction\",\"target\":{\"@type\":\"EntryPoint\",\"urlTemplate\":\"https:\/\/www.dorfblick.bz.it\/?s={search_term_string}\"},\"query-input\":{\"@type\":\"PropertyValueSpecification\",\"valueRequired\":true,\"valueName\":\"search_term_string\"}}],\"inLanguage\":\"it-IT\"},{\"@type\":\"Organization\",\"@id\":\"https:\/\/www.dorfblick.bz.it\/#organization\",\"name\":\"Dorfblick\",\"url\":\"https:\/\/www.dorfblick.bz.it\/\",\"logo\":{\"@type\":\"ImageObject\",\"inLanguage\":\"it-IT\",\"@id\":\"https:\/\/www.dorfblick.bz.it\/#\/schema\/logo\/image\/\",\"url\":\"https:\/\/www.dorfblick.bz.it\/wp-content\/uploads\/logo-dorfblick-1.svg\",\"contentUrl\":\"https:\/\/www.dorfblick.bz.it\/wp-content\/uploads\/logo-dorfblick-1.svg\",\"width\":54.66,\"height\":31.89,\"caption\":\"Dorfblick\"},\"image\":{\"@id\":\"https:\/\/www.dorfblick.bz.it\/#\/schema\/logo\/image\/\"},\"sameAs\":[\"https:\/\/www.facebook.com\/dorfblickappartementsrooms\",\"https:\/\/www.instagram.com\/dorfblick_appartements_rooms\/\"]}]}<\/script>\n<!-- \/ Yoast SEO plugin. -->","yoast_head_json":{"title":"Impressum - Dorfblick Appartamenti &amp; Camere","robots":{"index":"index","follow":"follow","max-snippet":"max-snippet:-1","max-image-preview":"max-image-preview:large","max-video-preview":"max-video-preview:-1"},"canonical":"https:\/\/www.dorfblick.bz.it\/it\/impressum\/","og_locale":"it_IT","og_type":"article","og_title":"Impressum - Dorfblick Appartamenti &amp; Camere","og_description":"Impressum Proprietario e responsabile per il contenuto:Dorfblick Appartements &amp; RoomsThomas RainerMadonna di Senales\/Vernago 82I-39020 SenalesTel: +39 348 2836216info@dorfblick.bz.itwww.dorfblick.bz.it Part.IVA: 03081830212Cod.fis.: RNRTMS80L26F132HPec:\u00a0thomas.rainer@pec.itCodice destinatario: USAL8PV CIN: IT021091B4FTKP9D4Q Materiale fotografico:Dorfblick Avviso di responsabilit\u00e0:I marchi e le societ\u00e0 citate su questo sito sono di propriet\u00e0 del apposito titolare.Nonostante l\u2019attento controllo dei contenuti, non assumiamo nessuna responsabilit\u00e0 per i contenuti [&hellip;]","og_url":"https:\/\/www.dorfblick.bz.it\/it\/impressum\/","og_site_name":"Dorfblick Appartamenti &amp; Camere","article_publisher":"https:\/\/www.facebook.com\/dorfblickappartementsrooms","article_modified_time":"2024-09-23T15:08:28+00:00","twitter_card":"summary_large_image","twitter_misc":{"Tempo di lettura stimato":"1 minuto"},"schema":{"@context":"https:\/\/schema.org","@graph":[{"@type":"WebPage","@id":"https:\/\/www.dorfblick.bz.it\/it\/impressum\/","url":"https:\/\/www.dorfblick.bz.it\/it\/impressum\/","name":"Impressum - Dorfblick Appartamenti &amp; Camere","isPartOf":{"@id":"https:\/\/www.dorfblick.bz.it\/#website"},"datePublished":"2021-01-12T09:10:57+00:00","dateModified":"2024-09-23T15:08:28+00:00","breadcrumb":{"@id":"https:\/\/www.dorfblick.bz.it\/it\/impressum\/#breadcrumb"},"inLanguage":"it-IT","potentialAction":[{"@type":"ReadAction","target":["https:\/\/www.dorfblick.bz.it\/it\/impressum\/"]}]},{"@type":"BreadcrumbList","@id":"https:\/\/www.dorfblick.bz.it\/it\/impressum\/#breadcrumb","itemListElement":[{"@type":"ListItem","position":1,"name":"Startseite","item":"https:\/\/www.dorfblick.bz.it\/it\/"},{"@type":"ListItem","position":2,"name":"Impressum"}]},{"@type":"WebSite","@id":"https:\/\/www.dorfblick.bz.it\/#website","url":"https:\/\/www.dorfblick.bz.it\/","name":"Dorfblick Appartements & Rooms","description":"Appartamenti Val Senales","publisher":{"@id":"https:\/\/www.dorfblick.bz.it\/#organization"},"potentialAction":[{"@type":"SearchAction","target":{"@type":"EntryPoint","urlTemplate":"https:\/\/www.dorfblick.bz.it\/?s={search_term_string}"},"query-input":{"@type":"PropertyValueSpecification","valueRequired":true,"valueName":"search_term_string"}}],"inLanguage":"it-IT"},{"@type":"Organization","@id":"https:\/\/www.dorfblick.bz.it\/#organization","name":"Dorfblick","url":"https:\/\/www.dorfblick.bz.it\/","logo":{"@type":"ImageObject","inLanguage":"it-IT","@id":"https:\/\/www.dorfblick.bz.it\/#\/schema\/logo\/image\/","url":"https:\/\/www.dorfblick.bz.it\/wp-content\/uploads\/logo-dorfblick-1.svg","contentUrl":"https:\/\/www.dorfblick.bz.it\/wp-content\/uploads\/logo-dorfblick-1.svg","width":54.66,"height":31.89,"caption":"Dorfblick"},"image":{"@id":"https:\/\/www.dorfblick.bz.it\/#\/schema\/logo\/image\/"},"sameAs":["https:\/\/www.facebook.com\/dorfblickappartementsrooms","https:\/\/www.instagram.com\/dorfblick_appartements_rooms\/"]}]}},"_links":{"self":[{"href":"https:\/\/www.dorfblick.bz.it\/it\/wp-json\/wp\/v2\/pages\/1625","targetHints":{"allow":["GET"]}}],"collection":[{"href":"https:\/\/www.dorfblick.bz.it\/it\/wp-json\/wp\/v2\/pages"}],"about":[{"href":"https:\/\/www.dorfblick.bz.it\/it\/wp-json\/wp\/v2\/types\/page"}],"author":[{"embeddable":true,"href":"https:\/\/www.dorfblick.bz.it\/it\/wp-json\/wp\/v2\/users\/1"}],"replies":[{"embeddable":true,"href":"https:\/\/www.dorfblick.bz.it\/it\/wp-json\/wp\/v2\/comments?post=1625"}],"version-history":[{"count":3,"href":"https:\/\/www.dorfblick.bz.it\/it\/wp-json\/wp\/v2\/pages\/1625\/revisions"}],"predecessor-version":[{"id":2297,"href":"https:\/\/www.dorfblick.bz.it\/it\/wp-json\/wp\/v2\/pages\/1625\/revisions\/2297"}],"wp:attachment":[{"href":"https:\/\/www.dorfblick.bz.it\/it\/wp-json\/wp\/v2\/media?parent=1625"}],"curies":[{"name":"wp","href":"https:\/\/api.w.org\/{rel}","templated":true}]}}